{"id":20064,"date":"2024-07-02T23:15:09","date_gmt":"2024-07-02T21:15:09","guid":{"rendered":"https:\/\/bekament.com\/opsti-uslovi\/"},"modified":"2024-10-20T02:57:20","modified_gmt":"2024-10-20T00:57:20","slug":"allgemeine-bedingungen","status":"publish","type":"page","link":"https:\/\/www.bekament.com\/de\/allgemeine-bedingungen\/","title":{"rendered":"Allgemeine Bedingungen"},"content":{"rendered":"\n<p><strong>Alle Besucher der Website <a href=\"http:\/\/www.bekament.com\">www.bekament.com<\/a> stimmen den folgenden Nutzungsbedingungen zu:<\/strong><br>Die Website <a href=\"http:\/\/www.bekament.com\">www.bekament.com<\/a>, alle ihre Seiten und alle dargestellten Informationen dienen ausschlie\u00dflich Informations- und Bildungszwecken. Die Beschreibungen der einzelnen Produkte auf <a href=\"http:\/\/www.bekament.com\">www.bekament.com<\/a> enthalten nur grundlegende Informationen aus der Anleitung, die Teil des Verpackungsmaterials ist. Die bereitgestellten Informationen k\u00f6nnen die in der Produktdeklaration enthaltenen Informationen nicht ersetzen, und \"Banja Komerc Bekament\" DOO Banja kann in keiner Weise f\u00fcr die Verwendung der Produkte entgegen dieser Informationen verantwortlich gemacht werden.<\/p>\n\n\n\n<p>\"Banja Komerc Bekament\" DOO Banja kann die Aktualit\u00e4t der auf der Website enthaltenen Daten zu jedem Zeitpunkt des Zugriffs nicht garantieren. Die Nutzer verwenden die Informationen von <a href=\"http:\/\/www.bekament.com\">www.bekament.com<\/a> auf eigenes Risiko. \"Banja Komerc Bekament\" DOO Banja \u00fcbernimmt keine Verantwortung f\u00fcr etwaige Hardware-, Software- oder andere Sch\u00e4den, die w\u00e4hrend der Nutzung von <a href=\"http:\/\/www.bekament.com\">www.bekament.com<\/a> an der Computerausr\u00fcstung des Nutzers entstehen k\u00f6nnen.<\/p>\n\n\n\n<p>Alle Informationen, grafischen Darstellungen, visuellen und gestalterischen L\u00f6sungen, Fotos, Dateien, Anh\u00e4nge und Produktnamen auf <a href=\"http:\/\/www.bekament.com\">www.bekament.com<\/a> sind als urheberrechtlich gesch\u00fctzte Werke oder als Objekte des gewerblichen Eigentumsrechts gesch\u00fctzt. Jede unrechtm\u00e4\u00dfige Verwendung ohne vorherige, ordnungsgem\u00e4\u00dfe Zustimmung wird von \"Banja Komerc Bekament\" DOO Banja als Verletzung ihrer Rechte betrachtet, und es werden alle rechtlich verf\u00fcgbaren Ma\u00dfnahmen ergriffen, um die Personen, die solche Verletzungen begehen, zu sanktionieren.<\/p>\n\n\n\n<p>\"Banja Komerc Bekament\" DOO Banja beh\u00e4lt sich das Recht vor, jederzeit nach eigenem Ermessen und ohne vorherige Ank\u00fcndigung Informationen oder Inhalte auf <a href=\"http:\/\/www.bekament.com\">www.bekament.com<\/a> zu \u00e4ndern oder zu entfernen.<\/p>\n\n\n\n<p>\"Banja Komerc Bekament\" DOO Banja beh\u00e4lt sich das Recht vor, auf <a href=\"http:\/\/www.bekament.com\">www.bekament.com<\/a> Links zu anderen Websites zu setzen, die es f\u00fcr angemessen h\u00e4lt, \u00fcbernimmt jedoch keine Verantwortung f\u00fcr den Inhalt dieser Websites, es sei denn, es handelt sich um Websites, auf denen \"Banja Komerc Bekament\" DOO Banja das Nutzungsrecht hat und dieses Recht aktiv aus\u00fcbt.<\/p>\n\n\n\n<p>Die auf <a href=\"http:\/\/www.bekament.com\">www.bekament.com<\/a> enthaltenen Informationen d\u00fcrfen zu Bildungs-, Forschungs- und nicht kommerziellen Zwecken verwendet werden, jedoch unter der Bedingung, dass die Herkunft der Informationen und \"Banja Komerc Bekament\" DOO Banja als deren ausschlie\u00dflicher Eigent\u00fcmer angegeben werden. Wenn dies nicht geschieht, beh\u00e4lt sich \"Banja Komerc Bekament\" DOO Banja das Recht vor, alle rechtlichen und tats\u00e4chlichen Ma\u00dfnahmen zu ergreifen, um die weitere Verbreitung dieser Informationen zu verhindern und den entstandenen Schaden aufgrund ihrer illegalen Nutzung geltend zu machen.<\/p>\n\n\n\n<p>Jede Information, die Besucher der Website \"Banja Komerc Bekament\" DOO Banja \u00fcber das Internet oder per E-Mail zusenden, wird nicht als vertraulich angesehen, selbst wenn der Absender ausdr\u00fccklich angibt, dass die Informationen vertraulicher Natur sind. \"Banja Komerc Bekament\" DOO Banja beh\u00e4lt sich das Recht vor, diese Informationen weiterzugeben, zu verwenden oder in den Inhalt seiner Website aufzunehmen oder sie vollst\u00e4ndig zu ignorieren. \"Banja Komerc Bekament\" wird in keiner Situation von den Besuchern verlangen, vertrauliche Informationen zu \u00fcbermitteln, und \u00fcbernimmt keine Verantwortung f\u00fcr Folgen, die daraus entstehen, dass Besucher bestimmte Informationen freiwillig und eigeninitiativ \u00fcbermittelt haben.<\/p>\n\n\n\n<p>Die oben genannten Einschr\u00e4nkungen gelten nicht f\u00fcr Informationen, die den Charakter personenbezogener Daten oder Hinweise haben, mit denen \"Banja Komerc Bekament\" DOO Banja in \u00dcbereinstimmung mit den Vorschriften umgehen wird, die diese Bereiche regeln.<\/p>\n\n\n\n<p>\"Banja Komerc Bekament\" DOO Banja respektiert die Privatsph\u00e4re der Besucher von <a href=\"http:\/\/www.bekament.com\">www.bekament.com<\/a> und wird die durch <a href=\"http:\/\/www.bekament.com\">www.bekament.com<\/a> erhaltenen Informationen ausschlie\u00dflich in \u00dcbereinstimmung mit geltendem Recht verwenden. Besucher stimmen zu, dass \"Banja Komerc Bekament\" DOO Banja technische Daten \u00fcber Besuche und die Nutzung der Website <a href=\"http:\/\/www.bekament.com\">www.bekament.com<\/a> sammelt und f\u00fcr interne Statistiken und Analysen im Zusammenhang mit der Unternehmenswebsite verwendet.<\/p>\n\n\n\n<p>\"Banja Komerc Bekament\" DOO Banja wird Besucherdaten nicht ohne die direkte Genehmigung des Besuchers oder auf der Grundlage gesetzlicher Verpflichtungen an Dritte weitergeben. Dar\u00fcber hinaus bem\u00fcht sich \"Banja Komerc Bekament\" DOO Banja, die Informationen \u00fcber den Besucher so zu sch\u00fctzen, dass der Zugriff durch Dritte verhindert wird, \u00fcbernimmt jedoch keine Verantwortung f\u00fcr Informationen, die Dritte auf rechtswidrige Weise erlangen.<\/p>\n","protected":false},"excerpt":{"rendered":"<p>Alle Besucher der Website www.bekament.com stimmen den folgenden Nutzungsbedingungen zu:Die Website www.bekament.com, alle ihre Seiten und alle dargestellten Informationen dienen ausschlie\u00dflich Informations- und Bildungszwecken. Die Beschreibungen der einzelnen Produkte auf www.bekament.com enthalten nur grundlegende Informationen aus der Anleitung, die Teil des Verpackungsmaterials ist. Die bereitgestellten Informationen k\u00f6nnen die in der Produktdeklaration enthaltenen Informationen nicht ersetzen, [&hellip;]<\/p>\n","protected":false},"author":1,"featured_media":0,"parent":0,"menu_order":0,"comment_status":"closed","ping_status":"closed","template":"","meta":{"_acf_changed":false,"inline_featured_image":false,"footnotes":""},"class_list":["post-20064","page","type-page","status-publish","hentry"],"acf":[],"yoast_head":"<!-- This site is optimized with the Yoast SEO plugin v27.1.1 - https:\/\/yoast.com\/product\/yoast-seo-wordpress\/ -->\n<title>Allgemeine Bedingungen - Bekament<\/title>\n<meta name=\"robots\" content=\"index, follow, max-snippet:-1, max-image-preview:large, max-video-preview:-1\" \/>\n<link rel=\"canonical\" href=\"https:\/\/www.bekament.com\/de\/allgemeine-bedingungen\/\" \/>\n<meta property=\"og:locale\" content=\"de_DE\" \/>\n<meta property=\"og:type\" content=\"article\" \/>\n<meta property=\"og:title\" content=\"Allgemeine Bedingungen - Bekament\" \/>\n<meta property=\"og:description\" content=\"Alle Besucher der Website www.bekament.com stimmen den folgenden Nutzungsbedingungen zu:Die Website www.bekament.com, alle ihre Seiten und alle dargestellten Informationen dienen ausschlie\u00dflich Informations- und Bildungszwecken. Die Beschreibungen der einzelnen Produkte auf www.bekament.com enthalten nur grundlegende Informationen aus der Anleitung, die Teil des Verpackungsmaterials ist. Die bereitgestellten Informationen k\u00f6nnen die in der Produktdeklaration enthaltenen Informationen nicht ersetzen, [&hellip;]\" \/>\n<meta property=\"og:url\" content=\"https:\/\/www.bekament.com\/de\/allgemeine-bedingungen\/\" \/>\n<meta property=\"og:site_name\" content=\"Bekament\" \/>\n<meta property=\"article:publisher\" content=\"https:\/\/www.facebook.com\/Bekament\/\" \/>\n<meta property=\"article:modified_time\" content=\"2024-10-20T00:57:20+00:00\" \/>\n<meta name=\"twitter:card\" content=\"summary_large_image\" \/>\n<meta name=\"twitter:label1\" content=\"Gesch\u00e4tzte Lesezeit\" \/>\n\t<meta name=\"twitter:data1\" content=\"3\u00a0Minuten\" \/>\n<script type=\"application\/ld+json\" class=\"yoast-schema-graph\">{\"@context\":\"https:\/\/schema.org\",\"@graph\":[{\"@type\":\"WebPage\",\"@id\":\"https:\/\/www.bekament.com\/de\/allgemeine-bedingungen\/\",\"url\":\"https:\/\/www.bekament.com\/de\/allgemeine-bedingungen\/\",\"name\":\"Allgemeine Bedingungen - Bekament\",\"isPartOf\":{\"@id\":\"https:\/\/www.bekament.com\/de\/#website\"},\"datePublished\":\"2024-07-02T21:15:09+00:00\",\"dateModified\":\"2024-10-20T00:57:20+00:00\",\"breadcrumb\":{\"@id\":\"https:\/\/www.bekament.com\/de\/allgemeine-bedingungen\/#breadcrumb\"},\"inLanguage\":\"de\",\"potentialAction\":[{\"@type\":\"ReadAction\",\"target\":[\"https:\/\/www.bekament.com\/de\/allgemeine-bedingungen\/\"]}]},{\"@type\":\"BreadcrumbList\",\"@id\":\"https:\/\/www.bekament.com\/de\/allgemeine-bedingungen\/#breadcrumb\",\"itemListElement\":[{\"@type\":\"ListItem\",\"position\":1,\"name\":\"Home\",\"item\":\"https:\/\/www.bekament.com\/de\/\"},{\"@type\":\"ListItem\",\"position\":2,\"name\":\"Allgemeine Bedingungen\"}]},{\"@type\":\"WebSite\",\"@id\":\"https:\/\/www.bekament.com\/de\/#website\",\"url\":\"https:\/\/www.bekament.com\/de\/\",\"name\":\"Bekament\",\"description\":\"\",\"publisher\":{\"@id\":\"https:\/\/www.bekament.com\/de\/#organization\"},\"potentialAction\":[{\"@type\":\"SearchAction\",\"target\":{\"@type\":\"EntryPoint\",\"urlTemplate\":\"https:\/\/www.bekament.com\/de\/?s={search_term_string}\"},\"query-input\":{\"@type\":\"PropertyValueSpecification\",\"valueRequired\":true,\"valueName\":\"search_term_string\"}}],\"inLanguage\":\"de\"},{\"@type\":\"Organization\",\"@id\":\"https:\/\/www.bekament.com\/de\/#organization\",\"name\":\"Bekament\",\"url\":\"https:\/\/www.bekament.com\/de\/\",\"logo\":{\"@type\":\"ImageObject\",\"inLanguage\":\"de\",\"@id\":\"https:\/\/www.bekament.com\/de\/#\/schema\/logo\/image\/\",\"url\":\"https:\/\/www.bekament.com\/wp-content\/uploads\/2024\/06\/bekament-logo-full.png\",\"contentUrl\":\"https:\/\/www.bekament.com\/wp-content\/uploads\/2024\/06\/bekament-logo-full.png\",\"width\":321,\"height\":53,\"caption\":\"Bekament\"},\"image\":{\"@id\":\"https:\/\/www.bekament.com\/de\/#\/schema\/logo\/image\/\"},\"sameAs\":[\"https:\/\/www.facebook.com\/Bekament\/\",\"https:\/\/www.linkedin.com\/company\/bekament\/?originalSubdomain=rs\",\"https:\/\/www.instagram.com\/bekamentsrb\",\"https:\/\/www.youtube.com\/channel\/UC-pSPBUIrN_FO3OwAN200Jw\"]}]}<\/script>\n<!-- \/ Yoast SEO plugin. -->","yoast_head_json":{"title":"Allgemeine Bedingungen - Bekament","robots":{"index":"index","follow":"follow","max-snippet":"max-snippet:-1","max-image-preview":"max-image-preview:large","max-video-preview":"max-video-preview:-1"},"canonical":"https:\/\/www.bekament.com\/de\/allgemeine-bedingungen\/","og_locale":"de_DE","og_type":"article","og_title":"Allgemeine Bedingungen - Bekament","og_description":"Alle Besucher der Website www.bekament.com stimmen den folgenden Nutzungsbedingungen zu:Die Website www.bekament.com, alle ihre Seiten und alle dargestellten Informationen dienen ausschlie\u00dflich Informations- und Bildungszwecken. Die Beschreibungen der einzelnen Produkte auf www.bekament.com enthalten nur grundlegende Informationen aus der Anleitung, die Teil des Verpackungsmaterials ist. Die bereitgestellten Informationen k\u00f6nnen die in der Produktdeklaration enthaltenen Informationen nicht ersetzen, [&hellip;]","og_url":"https:\/\/www.bekament.com\/de\/allgemeine-bedingungen\/","og_site_name":"Bekament","article_publisher":"https:\/\/www.facebook.com\/Bekament\/","article_modified_time":"2024-10-20T00:57:20+00:00","twitter_card":"summary_large_image","twitter_misc":{"Gesch\u00e4tzte Lesezeit":"3\u00a0Minuten"},"schema":{"@context":"https:\/\/schema.org","@graph":[{"@type":"WebPage","@id":"https:\/\/www.bekament.com\/de\/allgemeine-bedingungen\/","url":"https:\/\/www.bekament.com\/de\/allgemeine-bedingungen\/","name":"Allgemeine Bedingungen - Bekament","isPartOf":{"@id":"https:\/\/www.bekament.com\/de\/#website"},"datePublished":"2024-07-02T21:15:09+00:00","dateModified":"2024-10-20T00:57:20+00:00","breadcrumb":{"@id":"https:\/\/www.bekament.com\/de\/allgemeine-bedingungen\/#breadcrumb"},"inLanguage":"de","potentialAction":[{"@type":"ReadAction","target":["https:\/\/www.bekament.com\/de\/allgemeine-bedingungen\/"]}]},{"@type":"BreadcrumbList","@id":"https:\/\/www.bekament.com\/de\/allgemeine-bedingungen\/#breadcrumb","itemListElement":[{"@type":"ListItem","position":1,"name":"Home","item":"https:\/\/www.bekament.com\/de\/"},{"@type":"ListItem","position":2,"name":"Allgemeine Bedingungen"}]},{"@type":"WebSite","@id":"https:\/\/www.bekament.com\/de\/#website","url":"https:\/\/www.bekament.com\/de\/","name":"Bekament","description":"","publisher":{"@id":"https:\/\/www.bekament.com\/de\/#organization"},"potentialAction":[{"@type":"SearchAction","target":{"@type":"EntryPoint","urlTemplate":"https:\/\/www.bekament.com\/de\/?s={search_term_string}"},"query-input":{"@type":"PropertyValueSpecification","valueRequired":true,"valueName":"search_term_string"}}],"inLanguage":"de"},{"@type":"Organization","@id":"https:\/\/www.bekament.com\/de\/#organization","name":"Bekament","url":"https:\/\/www.bekament.com\/de\/","logo":{"@type":"ImageObject","inLanguage":"de","@id":"https:\/\/www.bekament.com\/de\/#\/schema\/logo\/image\/","url":"https:\/\/www.bekament.com\/wp-content\/uploads\/2024\/06\/bekament-logo-full.png","contentUrl":"https:\/\/www.bekament.com\/wp-content\/uploads\/2024\/06\/bekament-logo-full.png","width":321,"height":53,"caption":"Bekament"},"image":{"@id":"https:\/\/www.bekament.com\/de\/#\/schema\/logo\/image\/"},"sameAs":["https:\/\/www.facebook.com\/Bekament\/","https:\/\/www.linkedin.com\/company\/bekament\/?originalSubdomain=rs","https:\/\/www.instagram.com\/bekamentsrb","https:\/\/www.youtube.com\/channel\/UC-pSPBUIrN_FO3OwAN200Jw"]}]}},"_links":{"self":[{"href":"https:\/\/www.bekament.com\/de\/wp-json\/wp\/v2\/pages\/20064","targetHints":{"allow":["GET"]}}],"collection":[{"href":"https:\/\/www.bekament.com\/de\/wp-json\/wp\/v2\/pages"}],"about":[{"href":"https:\/\/www.bekament.com\/de\/wp-json\/wp\/v2\/types\/page"}],"author":[{"embeddable":true,"href":"https:\/\/www.bekament.com\/de\/wp-json\/wp\/v2\/users\/1"}],"replies":[{"embeddable":true,"href":"https:\/\/www.bekament.com\/de\/wp-json\/wp\/v2\/comments?post=20064"}],"version-history":[{"count":0,"href":"https:\/\/www.bekament.com\/de\/wp-json\/wp\/v2\/pages\/20064\/revisions"}],"wp:attachment":[{"href":"https:\/\/www.bekament.com\/de\/wp-json\/wp\/v2\/media?parent=20064"}],"curies":[{"name":"wp","href":"https:\/\/api.w.org\/{rel}","templated":true}]}}