{"id":20072,"date":"2024-07-02T23:31:17","date_gmt":"2024-07-02T21:31:17","guid":{"rendered":"https:\/\/bekament.com\/obrada-podataka\/"},"modified":"2024-10-20T03:04:47","modified_gmt":"2024-10-20T01:04:47","slug":"verarbeitung-daten","status":"publish","type":"page","link":"https:\/\/www.bekament.com\/de\/verarbeitung-daten\/","title":{"rendered":"Verarbeitung daten"},"content":{"rendered":"\n<h4 class=\"wp-block-heading\">MITTEILUNG \u00dcBER DIE VERARBEITUNG PERSONENBEZOGENER DATEN DURCH DEN DATENVERANTWORTLICHEN<\/h4>\n\n\n\n<p>Diese Mitteilung bezieht sich auf die Verarbeitung personenbezogener Daten durch den Verantwortlichen \"Banja Komerc Bekament\" DOO Banja.<br>\"Banja Komerc Bekament\" DOO Banja verarbeitet personenbezogene Daten nur von den betroffenen Personen, mit denen es im Rahmen seiner Gesch\u00e4ftst\u00e4tigkeit in Kontakt tritt, entweder durch direkte Erhebung bei diesen Personen, durch ihre Arbeitgeber, Mitunterzeichner, Gesch\u00e4ftspartner oder gegebenenfalls Dritte.<br>Personenbezogene Daten werden von \"Banja Komerc Bekament\" DOO Banja stets gem\u00e4\u00df dem Grundsatz der Speicherbegrenzung verarbeitet, d. h., nur f\u00fcr den minimalen Zeitraum, der zur Erreichung des spezifischen Zwecks erforderlich ist.<br>Die Regeln zur Verarbeitung personenbezogener Daten durch \"Banja Komerc Bekament\" DOO Banja umfassen unter anderem die folgenden Hauptkategorien von betroffenen Personen und Arten personenbezogener Daten:<\/p>\n\n\n\n<ol class=\"wp-block-list\">\n<li><strong>Mitarbeiter und Personen, die au\u00dferhalb eines Arbeitsverh\u00e4ltnisses t\u00e4tig sind, ehemalige Mitarbeiter und Rentner<\/strong><br>\"Banja Komerc Bekament\" DOO Banja verarbeitet personenbezogene Daten von Mitarbeitern, Personen, die au\u00dferhalb eines Arbeitsverh\u00e4ltnisses t\u00e4tig sind, sowie ehemalige Mitarbeiter, Rentner und deren Familienangeh\u00f6rige, um gesetzliche Vorgaben einzuhalten, einschlie\u00dflich, aber nicht beschr\u00e4nkt auf arbeitsrechtliche Vorschriften, Renten-, Invalidit\u00e4ts-, Kranken- und Sozialversicherungen, Steuer- und Buchhaltungsvorschriften, Arbeitsschutzvorschriften sowie branchenspezifische Vorschriften in der Pharmaindustrie.<\/li>\n\n\n\n<li><strong>Bewerber f\u00fcr eine Anstellung oder Besch\u00e4ftigung au\u00dferhalb eines Arbeitsverh\u00e4ltnisses<\/strong><br>Die personenbezogenen Daten von Bewerbern f\u00fcr eine Anstellung oder ein Praktikum werden nur in dem Umfang verarbeitet, der notwendig ist, um den Rekrutierungsprozess effizient durchzuf\u00fchren, wobei die Interessen von \"Banja Komerc Bekament\" DOO Banja und die Rechte und Interessen der Kandidaten ber\u00fccksichtigt werden.<\/li>\n\n\n\n<li><strong>Personen, die Immobilien kaufen oder verkaufen, deren Verk\u00e4ufer oder K\u00e4ufer \"Banja Komerc Bekament\" DOO Banja ist<\/strong><br>Personenbezogene Daten von Personen, die Immobilien kaufen oder verkaufen, werden nur in dem Umfang verarbeitet, der zur rechtm\u00e4\u00dfigen Durchf\u00fchrung des Verkaufs und der Kaufvertragsabwicklung erforderlich ist.<\/li>\n\n\n\n<li><strong>Personen, die die Gesch\u00e4ftsr\u00e4ume von \"Banja Komerc Bekament\" DOO Banja betreten<\/strong><br>\"Banja Komerc Bekament\" DOO Banja hat ein berechtigtes Interesse, die personenbezogenen Daten aller Personen, die seine Gesch\u00e4ftsr\u00e4ume betreten, zu verarbeiten und diese Besuche zu dokumentieren, um alle relevanten Vorschriften einzuhalten.<\/li>\n\n\n\n<li><strong>Fachleute<\/strong><br>\"Banja Komerc Bekament\" DOO Banja holt die Zustimmung von Fachleuten zur Verarbeitung ihrer personenbezogenen Daten f\u00fcr die Zusammenarbeit ein. Eine Einwilligung ist nicht erforderlich, wenn die Verarbeitung zur Erf\u00fcllung eines Vertrags erforderlich ist.<\/li>\n\n\n\n<li><strong>Personen, die Produktreklamationen einreichen<\/strong><br>Die personenbezogenen Daten von Personen, die eine Produktreklamation einreichen, werden in \u00dcbereinstimmung mit geltenden Vorschriften verarbeitet.<\/li>\n\n\n\n<li><strong>Gesch\u00e4ftspartner und Personen, die von Gesch\u00e4ftspartnern beauftragt wurden<\/strong><br>\"Banja Komerc Bekament\" DOO Banja erhebt personenbezogene Daten von Gesch\u00e4ftspartnern und Personen, die von ihnen besch\u00e4ftigt werden, um Vertr\u00e4ge abzuschlie\u00dfen und gesetzliche Pflichten zu erf\u00fcllen.<\/li>\n\n\n\n<li><strong>Personen mit \u00fcblichen gesch\u00e4ftlichen oder partnerschaftlichen Beziehungen<\/strong><br>\"Banja Komerc Bekament\" DOO Banja verarbeitet die personenbezogenen Daten von Personen, mit denen es regelm\u00e4\u00dfige gesch\u00e4ftliche Beziehungen unterh\u00e4lt.<\/li>\n\n\n\n<li><strong>Personen, die an Umfragen und Gewinnspielen teilnehmen<\/strong><br>\"Banja Komerc Bekament\" DOO Banja verarbeitet personenbezogene Daten im Zusammenhang mit Umfragen oder Gewinnspielen entweder auf Grundlage eines berechtigten Interesses oder einer Einwilligung.<\/li>\n\n\n\n<li><strong>Fotografieren von Personen bei Veranstaltungen<\/strong><br>Auf Veranstaltungen, die von \"Banja Komerc Bekament\" DOO Banja organisiert werden, k\u00f6nnen Fotos von Teilnehmern gemacht werden.<\/li>\n<\/ol>\n","protected":false},"excerpt":{"rendered":"<p>MITTEILUNG \u00dcBER DIE VERARBEITUNG PERSONENBEZOGENER DATEN DURCH DEN DATENVERANTWORTLICHEN Diese Mitteilung bezieht sich auf die Verarbeitung personenbezogener Daten durch den Verantwortlichen \"Banja Komerc Bekament\" DOO Banja.\"Banja Komerc Bekament\" DOO Banja verarbeitet personenbezogene Daten nur von den betroffenen Personen, mit denen es im Rahmen seiner Gesch\u00e4ftst\u00e4tigkeit in Kontakt tritt, entweder durch direkte Erhebung bei diesen Personen, [&hellip;]<\/p>\n","protected":false},"author":1,"featured_media":0,"parent":0,"menu_order":0,"comment_status":"closed","ping_status":"closed","template":"","meta":{"_acf_changed":false,"inline_featured_image":false,"footnotes":"[]"},"class_list":["post-20072","page","type-page","status-publish","hentry"],"acf":[],"yoast_head":"<!-- This site is optimized with the Yoast SEO plugin v27.1.1 - https:\/\/yoast.com\/product\/yoast-seo-wordpress\/ -->\n<title>Verarbeitung daten - Bekament<\/title>\n<meta name=\"robots\" content=\"index, follow, max-snippet:-1, max-image-preview:large, max-video-preview:-1\" \/>\n<link rel=\"canonical\" href=\"https:\/\/www.bekament.com\/de\/verarbeitung-daten\/\" \/>\n<meta property=\"og:locale\" content=\"de_DE\" \/>\n<meta property=\"og:type\" content=\"article\" \/>\n<meta property=\"og:title\" content=\"Verarbeitung daten - Bekament\" \/>\n<meta property=\"og:description\" content=\"MITTEILUNG \u00dcBER DIE VERARBEITUNG PERSONENBEZOGENER DATEN DURCH DEN DATENVERANTWORTLICHEN Diese Mitteilung bezieht sich auf die Verarbeitung personenbezogener Daten durch den Verantwortlichen &quot;Banja Komerc Bekament&quot; DOO Banja.&quot;Banja Komerc Bekament&quot; DOO Banja verarbeitet personenbezogene Daten nur von den betroffenen Personen, mit denen es im Rahmen seiner Gesch\u00e4ftst\u00e4tigkeit in Kontakt tritt, entweder durch direkte Erhebung bei diesen Personen, [&hellip;]\" \/>\n<meta property=\"og:url\" content=\"https:\/\/www.bekament.com\/de\/verarbeitung-daten\/\" \/>\n<meta property=\"og:site_name\" content=\"Bekament\" \/>\n<meta property=\"article:publisher\" content=\"https:\/\/www.facebook.com\/Bekament\/\" \/>\n<meta property=\"article:modified_time\" content=\"2024-10-20T01:04:47+00:00\" \/>\n<meta name=\"twitter:card\" content=\"summary_large_image\" \/>\n<meta name=\"twitter:label1\" content=\"Gesch\u00e4tzte Lesezeit\" \/>\n\t<meta name=\"twitter:data1\" content=\"3\u00a0Minuten\" \/>\n<script type=\"application\/ld+json\" class=\"yoast-schema-graph\">{\"@context\":\"https:\/\/schema.org\",\"@graph\":[{\"@type\":\"WebPage\",\"@id\":\"https:\/\/www.bekament.com\/de\/verarbeitung-daten\/\",\"url\":\"https:\/\/www.bekament.com\/de\/verarbeitung-daten\/\",\"name\":\"Verarbeitung daten - Bekament\",\"isPartOf\":{\"@id\":\"https:\/\/www.bekament.com\/de\/#website\"},\"datePublished\":\"2024-07-02T21:31:17+00:00\",\"dateModified\":\"2024-10-20T01:04:47+00:00\",\"breadcrumb\":{\"@id\":\"https:\/\/www.bekament.com\/de\/verarbeitung-daten\/#breadcrumb\"},\"inLanguage\":\"de\",\"potentialAction\":[{\"@type\":\"ReadAction\",\"target\":[\"https:\/\/www.bekament.com\/de\/verarbeitung-daten\/\"]}]},{\"@type\":\"BreadcrumbList\",\"@id\":\"https:\/\/www.bekament.com\/de\/verarbeitung-daten\/#breadcrumb\",\"itemListElement\":[{\"@type\":\"ListItem\",\"position\":1,\"name\":\"Home\",\"item\":\"https:\/\/www.bekament.com\/de\/\"},{\"@type\":\"ListItem\",\"position\":2,\"name\":\"Verarbeitung daten\"}]},{\"@type\":\"WebSite\",\"@id\":\"https:\/\/www.bekament.com\/de\/#website\",\"url\":\"https:\/\/www.bekament.com\/de\/\",\"name\":\"Bekament\",\"description\":\"\",\"publisher\":{\"@id\":\"https:\/\/www.bekament.com\/de\/#organization\"},\"potentialAction\":[{\"@type\":\"SearchAction\",\"target\":{\"@type\":\"EntryPoint\",\"urlTemplate\":\"https:\/\/www.bekament.com\/de\/?s={search_term_string}\"},\"query-input\":{\"@type\":\"PropertyValueSpecification\",\"valueRequired\":true,\"valueName\":\"search_term_string\"}}],\"inLanguage\":\"de\"},{\"@type\":\"Organization\",\"@id\":\"https:\/\/www.bekament.com\/de\/#organization\",\"name\":\"Bekament\",\"url\":\"https:\/\/www.bekament.com\/de\/\",\"logo\":{\"@type\":\"ImageObject\",\"inLanguage\":\"de\",\"@id\":\"https:\/\/www.bekament.com\/de\/#\/schema\/logo\/image\/\",\"url\":\"https:\/\/www.bekament.com\/wp-content\/uploads\/2024\/06\/bekament-logo-full.png\",\"contentUrl\":\"https:\/\/www.bekament.com\/wp-content\/uploads\/2024\/06\/bekament-logo-full.png\",\"width\":321,\"height\":53,\"caption\":\"Bekament\"},\"image\":{\"@id\":\"https:\/\/www.bekament.com\/de\/#\/schema\/logo\/image\/\"},\"sameAs\":[\"https:\/\/www.facebook.com\/Bekament\/\",\"https:\/\/www.linkedin.com\/company\/bekament\/?originalSubdomain=rs\",\"https:\/\/www.instagram.com\/bekamentsrb\",\"https:\/\/www.youtube.com\/channel\/UC-pSPBUIrN_FO3OwAN200Jw\"]}]}<\/script>\n<!-- \/ Yoast SEO plugin. -->","yoast_head_json":{"title":"Verarbeitung daten - Bekament","robots":{"index":"index","follow":"follow","max-snippet":"max-snippet:-1","max-image-preview":"max-image-preview:large","max-video-preview":"max-video-preview:-1"},"canonical":"https:\/\/www.bekament.com\/de\/verarbeitung-daten\/","og_locale":"de_DE","og_type":"article","og_title":"Verarbeitung daten - Bekament","og_description":"MITTEILUNG \u00dcBER DIE VERARBEITUNG PERSONENBEZOGENER DATEN DURCH DEN DATENVERANTWORTLICHEN Diese Mitteilung bezieht sich auf die Verarbeitung personenbezogener Daten durch den Verantwortlichen \"Banja Komerc Bekament\" DOO Banja.\"Banja Komerc Bekament\" DOO Banja verarbeitet personenbezogene Daten nur von den betroffenen Personen, mit denen es im Rahmen seiner Gesch\u00e4ftst\u00e4tigkeit in Kontakt tritt, entweder durch direkte Erhebung bei diesen Personen, [&hellip;]","og_url":"https:\/\/www.bekament.com\/de\/verarbeitung-daten\/","og_site_name":"Bekament","article_publisher":"https:\/\/www.facebook.com\/Bekament\/","article_modified_time":"2024-10-20T01:04:47+00:00","twitter_card":"summary_large_image","twitter_misc":{"Gesch\u00e4tzte Lesezeit":"3\u00a0Minuten"},"schema":{"@context":"https:\/\/schema.org","@graph":[{"@type":"WebPage","@id":"https:\/\/www.bekament.com\/de\/verarbeitung-daten\/","url":"https:\/\/www.bekament.com\/de\/verarbeitung-daten\/","name":"Verarbeitung daten - Bekament","isPartOf":{"@id":"https:\/\/www.bekament.com\/de\/#website"},"datePublished":"2024-07-02T21:31:17+00:00","dateModified":"2024-10-20T01:04:47+00:00","breadcrumb":{"@id":"https:\/\/www.bekament.com\/de\/verarbeitung-daten\/#breadcrumb"},"inLanguage":"de","potentialAction":[{"@type":"ReadAction","target":["https:\/\/www.bekament.com\/de\/verarbeitung-daten\/"]}]},{"@type":"BreadcrumbList","@id":"https:\/\/www.bekament.com\/de\/verarbeitung-daten\/#breadcrumb","itemListElement":[{"@type":"ListItem","position":1,"name":"Home","item":"https:\/\/www.bekament.com\/de\/"},{"@type":"ListItem","position":2,"name":"Verarbeitung daten"}]},{"@type":"WebSite","@id":"https:\/\/www.bekament.com\/de\/#website","url":"https:\/\/www.bekament.com\/de\/","name":"Bekament","description":"","publisher":{"@id":"https:\/\/www.bekament.com\/de\/#organization"},"potentialAction":[{"@type":"SearchAction","target":{"@type":"EntryPoint","urlTemplate":"https:\/\/www.bekament.com\/de\/?s={search_term_string}"},"query-input":{"@type":"PropertyValueSpecification","valueRequired":true,"valueName":"search_term_string"}}],"inLanguage":"de"},{"@type":"Organization","@id":"https:\/\/www.bekament.com\/de\/#organization","name":"Bekament","url":"https:\/\/www.bekament.com\/de\/","logo":{"@type":"ImageObject","inLanguage":"de","@id":"https:\/\/www.bekament.com\/de\/#\/schema\/logo\/image\/","url":"https:\/\/www.bekament.com\/wp-content\/uploads\/2024\/06\/bekament-logo-full.png","contentUrl":"https:\/\/www.bekament.com\/wp-content\/uploads\/2024\/06\/bekament-logo-full.png","width":321,"height":53,"caption":"Bekament"},"image":{"@id":"https:\/\/www.bekament.com\/de\/#\/schema\/logo\/image\/"},"sameAs":["https:\/\/www.facebook.com\/Bekament\/","https:\/\/www.linkedin.com\/company\/bekament\/?originalSubdomain=rs","https:\/\/www.instagram.com\/bekamentsrb","https:\/\/www.youtube.com\/channel\/UC-pSPBUIrN_FO3OwAN200Jw"]}]}},"_links":{"self":[{"href":"https:\/\/www.bekament.com\/de\/wp-json\/wp\/v2\/pages\/20072","targetHints":{"allow":["GET"]}}],"collection":[{"href":"https:\/\/www.bekament.com\/de\/wp-json\/wp\/v2\/pages"}],"about":[{"href":"https:\/\/www.bekament.com\/de\/wp-json\/wp\/v2\/types\/page"}],"author":[{"embeddable":true,"href":"https:\/\/www.bekament.com\/de\/wp-json\/wp\/v2\/users\/1"}],"replies":[{"embeddable":true,"href":"https:\/\/www.bekament.com\/de\/wp-json\/wp\/v2\/comments?post=20072"}],"version-history":[{"count":0,"href":"https:\/\/www.bekament.com\/de\/wp-json\/wp\/v2\/pages\/20072\/revisions"}],"wp:attachment":[{"href":"https:\/\/www.bekament.com\/de\/wp-json\/wp\/v2\/media?parent=20072"}],"curies":[{"name":"wp","href":"https:\/\/api.w.org\/{rel}","templated":true}]}}