{"id":20134,"date":"2024-07-23T12:42:09","date_gmt":"2024-07-23T10:42:09","guid":{"rendered":"https:\/\/bekament.com\/menadzment\/"},"modified":"2024-10-21T04:03:23","modified_gmt":"2024-10-21T02:03:23","slug":"mamagement","status":"publish","type":"page","link":"https:\/\/www.bekament.com\/de\/mamagement\/","title":{"rendered":"Mamagement"},"content":{"rendered":"","protected":false},"excerpt":{"rendered":"","protected":false},"author":1,"featured_media":20135,"parent":0,"menu_order":0,"comment_status":"closed","ping_status":"closed","template":"","meta":{"_acf_changed":false,"inline_featured_image":false,"footnotes":""},"class_list":["post-20134","page","type-page","status-publish","has-post-thumbnail","hentry"],"acf":[],"yoast_head":"<!-- This site is optimized with the Yoast SEO plugin v27.1.1 - https:\/\/yoast.com\/product\/yoast-seo-wordpress\/ -->\n<title>Mamagement - Bekament<\/title>\n<meta name=\"description\" content=\"Kompanija Banja Komerc Bekament je osnovana i ve\u0107 \u010detvrt veka uspe\u0161no vo\u0111ena od strane porodice \u010colovic. Put do uspeha zapo\u010det je malim koracima sa 4 zaposlena.\" \/>\n<meta name=\"robots\" content=\"index, follow, max-snippet:-1, max-image-preview:large, max-video-preview:-1\" \/>\n<link rel=\"canonical\" href=\"https:\/\/www.bekament.com\/de\/mamagement\/\" \/>\n<meta property=\"og:locale\" content=\"de_DE\" \/>\n<meta property=\"og:type\" content=\"article\" \/>\n<meta property=\"og:title\" content=\"Mamagement - Bekament\" \/>\n<meta property=\"og:description\" content=\"Kompanija Banja Komerc Bekament je osnovana i ve\u0107 \u010detvrt veka uspe\u0161no vo\u0111ena od strane porodice \u010colovic. Put do uspeha zapo\u010det je malim koracima sa 4 zaposlena.\" \/>\n<meta property=\"og:url\" content=\"https:\/\/www.bekament.com\/de\/mamagement\/\" \/>\n<meta property=\"og:site_name\" content=\"Bekament\" \/>\n<meta property=\"article:publisher\" content=\"https:\/\/www.facebook.com\/Bekament\/\" \/>\n<meta property=\"article:modified_time\" content=\"2024-10-21T02:03:23+00:00\" \/>\n<meta property=\"og:image\" content=\"https:\/\/www.bekament.com\/wp-content\/uploads\/2024\/07\/03-Free-Iphone-15-Pro-On-Concrete-Brick-Mockup-2.jpg\" \/>\n\t<meta property=\"og:image:width\" content=\"1229\" \/>\n\t<meta property=\"og:image:height\" content=\"395\" \/>\n\t<meta property=\"og:image:type\" content=\"image\/jpeg\" \/>\n<meta name=\"twitter:card\" content=\"summary_large_image\" \/>\n<meta name=\"twitter:label1\" content=\"Gesch\u00e4tzte Lesezeit\" \/>\n\t<meta name=\"twitter:data1\" content=\"3\u00a0Minuten\" \/>\n<script type=\"application\/ld+json\" class=\"yoast-schema-graph\">{\"@context\":\"https:\/\/schema.org\",\"@graph\":[{\"@type\":\"WebPage\",\"@id\":\"https:\/\/www.bekament.com\/de\/mamagement\/\",\"url\":\"https:\/\/www.bekament.com\/de\/mamagement\/\",\"name\":\"Mamagement - Bekament\",\"isPartOf\":{\"@id\":\"https:\/\/www.bekament.com\/de\/#website\"},\"primaryImageOfPage\":{\"@id\":\"https:\/\/www.bekament.com\/de\/mamagement\/#primaryimage\"},\"image\":{\"@id\":\"https:\/\/www.bekament.com\/de\/mamagement\/#primaryimage\"},\"thumbnailUrl\":\"https:\/\/www.bekament.com\/wp-content\/uploads\/2024\/07\/03-Free-Iphone-15-Pro-On-Concrete-Brick-Mockup-2.jpg\",\"datePublished\":\"2024-07-23T10:42:09+00:00\",\"dateModified\":\"2024-10-21T02:03:23+00:00\",\"description\":\"Kompanija Banja Komerc Bekament je osnovana i ve\u0107 \u010detvrt veka uspe\u0161no vo\u0111ena od strane porodice \u010colovic. Put do uspeha zapo\u010det je malim koracima sa 4 zaposlena.\",\"breadcrumb\":{\"@id\":\"https:\/\/www.bekament.com\/de\/mamagement\/#breadcrumb\"},\"inLanguage\":\"de\",\"potentialAction\":[{\"@type\":\"ReadAction\",\"target\":[\"https:\/\/www.bekament.com\/de\/mamagement\/\"]}]},{\"@type\":\"ImageObject\",\"inLanguage\":\"de\",\"@id\":\"https:\/\/www.bekament.com\/de\/mamagement\/#primaryimage\",\"url\":\"https:\/\/www.bekament.com\/wp-content\/uploads\/2024\/07\/03-Free-Iphone-15-Pro-On-Concrete-Brick-Mockup-2.jpg\",\"contentUrl\":\"https:\/\/www.bekament.com\/wp-content\/uploads\/2024\/07\/03-Free-Iphone-15-Pro-On-Concrete-Brick-Mockup-2.jpg\",\"width\":1229,\"height\":395},{\"@type\":\"BreadcrumbList\",\"@id\":\"https:\/\/www.bekament.com\/de\/mamagement\/#breadcrumb\",\"itemListElement\":[{\"@type\":\"ListItem\",\"position\":1,\"name\":\"Home\",\"item\":\"https:\/\/www.bekament.com\/de\/\"},{\"@type\":\"ListItem\",\"position\":2,\"name\":\"Mamagement\"}]},{\"@type\":\"WebSite\",\"@id\":\"https:\/\/www.bekament.com\/de\/#website\",\"url\":\"https:\/\/www.bekament.com\/de\/\",\"name\":\"Bekament\",\"description\":\"\",\"publisher\":{\"@id\":\"https:\/\/www.bekament.com\/de\/#organization\"},\"potentialAction\":[{\"@type\":\"SearchAction\",\"target\":{\"@type\":\"EntryPoint\",\"urlTemplate\":\"https:\/\/www.bekament.com\/de\/?s={search_term_string}\"},\"query-input\":{\"@type\":\"PropertyValueSpecification\",\"valueRequired\":true,\"valueName\":\"search_term_string\"}}],\"inLanguage\":\"de\"},{\"@type\":\"Organization\",\"@id\":\"https:\/\/www.bekament.com\/de\/#organization\",\"name\":\"Bekament\",\"url\":\"https:\/\/www.bekament.com\/de\/\",\"logo\":{\"@type\":\"ImageObject\",\"inLanguage\":\"de\",\"@id\":\"https:\/\/www.bekament.com\/de\/#\/schema\/logo\/image\/\",\"url\":\"https:\/\/www.bekament.com\/wp-content\/uploads\/2024\/06\/bekament-logo-full.png\",\"contentUrl\":\"https:\/\/www.bekament.com\/wp-content\/uploads\/2024\/06\/bekament-logo-full.png\",\"width\":321,\"height\":53,\"caption\":\"Bekament\"},\"image\":{\"@id\":\"https:\/\/www.bekament.com\/de\/#\/schema\/logo\/image\/\"},\"sameAs\":[\"https:\/\/www.facebook.com\/Bekament\/\",\"https:\/\/www.linkedin.com\/company\/bekament\/?originalSubdomain=rs\",\"https:\/\/www.instagram.com\/bekamentsrb\",\"https:\/\/www.youtube.com\/channel\/UC-pSPBUIrN_FO3OwAN200Jw\"]}]}<\/script>\n<!-- \/ Yoast SEO plugin. -->","yoast_head_json":{"title":"Mamagement - Bekament","description":"Kompanija Banja Komerc Bekament je osnovana i ve\u0107 \u010detvrt veka uspe\u0161no vo\u0111ena od strane porodice \u010colovic. Put do uspeha zapo\u010det je malim koracima sa 4 zaposlena.","robots":{"index":"index","follow":"follow","max-snippet":"max-snippet:-1","max-image-preview":"max-image-preview:large","max-video-preview":"max-video-preview:-1"},"canonical":"https:\/\/www.bekament.com\/de\/mamagement\/","og_locale":"de_DE","og_type":"article","og_title":"Mamagement - Bekament","og_description":"Kompanija Banja Komerc Bekament je osnovana i ve\u0107 \u010detvrt veka uspe\u0161no vo\u0111ena od strane porodice \u010colovic. Put do uspeha zapo\u010det je malim koracima sa 4 zaposlena.","og_url":"https:\/\/www.bekament.com\/de\/mamagement\/","og_site_name":"Bekament","article_publisher":"https:\/\/www.facebook.com\/Bekament\/","article_modified_time":"2024-10-21T02:03:23+00:00","og_image":[{"width":1229,"height":395,"url":"https:\/\/www.bekament.com\/wp-content\/uploads\/2024\/07\/03-Free-Iphone-15-Pro-On-Concrete-Brick-Mockup-2.jpg","type":"image\/jpeg"}],"twitter_card":"summary_large_image","twitter_misc":{"Gesch\u00e4tzte Lesezeit":"3\u00a0Minuten"},"schema":{"@context":"https:\/\/schema.org","@graph":[{"@type":"WebPage","@id":"https:\/\/www.bekament.com\/de\/mamagement\/","url":"https:\/\/www.bekament.com\/de\/mamagement\/","name":"Mamagement - Bekament","isPartOf":{"@id":"https:\/\/www.bekament.com\/de\/#website"},"primaryImageOfPage":{"@id":"https:\/\/www.bekament.com\/de\/mamagement\/#primaryimage"},"image":{"@id":"https:\/\/www.bekament.com\/de\/mamagement\/#primaryimage"},"thumbnailUrl":"https:\/\/www.bekament.com\/wp-content\/uploads\/2024\/07\/03-Free-Iphone-15-Pro-On-Concrete-Brick-Mockup-2.jpg","datePublished":"2024-07-23T10:42:09+00:00","dateModified":"2024-10-21T02:03:23+00:00","description":"Kompanija Banja Komerc Bekament je osnovana i ve\u0107 \u010detvrt veka uspe\u0161no vo\u0111ena od strane porodice \u010colovic. Put do uspeha zapo\u010det je malim koracima sa 4 zaposlena.","breadcrumb":{"@id":"https:\/\/www.bekament.com\/de\/mamagement\/#breadcrumb"},"inLanguage":"de","potentialAction":[{"@type":"ReadAction","target":["https:\/\/www.bekament.com\/de\/mamagement\/"]}]},{"@type":"ImageObject","inLanguage":"de","@id":"https:\/\/www.bekament.com\/de\/mamagement\/#primaryimage","url":"https:\/\/www.bekament.com\/wp-content\/uploads\/2024\/07\/03-Free-Iphone-15-Pro-On-Concrete-Brick-Mockup-2.jpg","contentUrl":"https:\/\/www.bekament.com\/wp-content\/uploads\/2024\/07\/03-Free-Iphone-15-Pro-On-Concrete-Brick-Mockup-2.jpg","width":1229,"height":395},{"@type":"BreadcrumbList","@id":"https:\/\/www.bekament.com\/de\/mamagement\/#breadcrumb","itemListElement":[{"@type":"ListItem","position":1,"name":"Home","item":"https:\/\/www.bekament.com\/de\/"},{"@type":"ListItem","position":2,"name":"Mamagement"}]},{"@type":"WebSite","@id":"https:\/\/www.bekament.com\/de\/#website","url":"https:\/\/www.bekament.com\/de\/","name":"Bekament","description":"","publisher":{"@id":"https:\/\/www.bekament.com\/de\/#organization"},"potentialAction":[{"@type":"SearchAction","target":{"@type":"EntryPoint","urlTemplate":"https:\/\/www.bekament.com\/de\/?s={search_term_string}"},"query-input":{"@type":"PropertyValueSpecification","valueRequired":true,"valueName":"search_term_string"}}],"inLanguage":"de"},{"@type":"Organization","@id":"https:\/\/www.bekament.com\/de\/#organization","name":"Bekament","url":"https:\/\/www.bekament.com\/de\/","logo":{"@type":"ImageObject","inLanguage":"de","@id":"https:\/\/www.bekament.com\/de\/#\/schema\/logo\/image\/","url":"https:\/\/www.bekament.com\/wp-content\/uploads\/2024\/06\/bekament-logo-full.png","contentUrl":"https:\/\/www.bekament.com\/wp-content\/uploads\/2024\/06\/bekament-logo-full.png","width":321,"height":53,"caption":"Bekament"},"image":{"@id":"https:\/\/www.bekament.com\/de\/#\/schema\/logo\/image\/"},"sameAs":["https:\/\/www.facebook.com\/Bekament\/","https:\/\/www.linkedin.com\/company\/bekament\/?originalSubdomain=rs","https:\/\/www.instagram.com\/bekamentsrb","https:\/\/www.youtube.com\/channel\/UC-pSPBUIrN_FO3OwAN200Jw"]}]}},"_links":{"self":[{"href":"https:\/\/www.bekament.com\/de\/wp-json\/wp\/v2\/pages\/20134","targetHints":{"allow":["GET"]}}],"collection":[{"href":"https:\/\/www.bekament.com\/de\/wp-json\/wp\/v2\/pages"}],"about":[{"href":"https:\/\/www.bekament.com\/de\/wp-json\/wp\/v2\/types\/page"}],"author":[{"embeddable":true,"href":"https:\/\/www.bekament.com\/de\/wp-json\/wp\/v2\/users\/1"}],"replies":[{"embeddable":true,"href":"https:\/\/www.bekament.com\/de\/wp-json\/wp\/v2\/comments?post=20134"}],"version-history":[{"count":0,"href":"https:\/\/www.bekament.com\/de\/wp-json\/wp\/v2\/pages\/20134\/revisions"}],"wp:featuredmedia":[{"embeddable":true,"href":"https:\/\/www.bekament.com\/de\/wp-json\/wp\/v2\/media\/20135"}],"wp:attachment":[{"href":"https:\/\/www.bekament.com\/de\/wp-json\/wp\/v2\/media?parent=20134"}],"curies":[{"name":"wp","href":"https:\/\/api.w.org\/{rel}","templated":true}]}}