{"id":20056,"date":"2024-09-10T15:09:42","date_gmt":"2024-09-10T13:09:42","guid":{"rendered":"https:\/\/bekament.com\/politika-privatnosti\/"},"modified":"2024-10-20T02:52:08","modified_gmt":"2024-10-20T00:52:08","slug":"politica-sulla-privacy","status":"publish","type":"page","link":"https:\/\/www.bekament.com\/it\/politica-sulla-privacy\/","title":{"rendered":"Politica sulla privacy"},"content":{"rendered":"\n<p><strong>POLITICA SULLA PRIVACY \u2013 INTRODUZIONE<\/strong><br>Utilizzando i servizi di <a href=\"http:\/\/www.bekament.com\">www.bekament.com<\/a>, \u00e8 possibile fornire diversi dati, compresi quelli che possono essere considerati dati personali. Quando i tuoi dati personali vengono trattati, acquisisci i diritti garantiti dalla Legge sulla protezione dei dati personali (se sei un residente della Repubblica di Serbia) e dal Regolamento generale sulla protezione dei dati dell'Unione Europea (GDPR \u2013 se sei un residente dell'UE). I diritti menzionati sono spiegati in dettaglio e fanno parte integrante di questa Politica sulla privacy.<br><a href=\"http:\/\/www.bekament.com\">www.bekament.com<\/a> \u00e8 considerato il titolare del trattamento dei tuoi dati personali, in quanto il team di Bekament decide lo scopo e le modalit\u00e0 di trattamento dei dati personali forniti sul sito <a href=\"http:\/\/www.bekament.com\">www.bekament.com<\/a>. Di conseguenza, in qualit\u00e0 di titolare del trattamento dei dati forniti sul sito, questo ci d\u00e0 il diritto di trattare i tuoi dati, ma ci obbliga anche a proteggerli in conformit\u00e0 con la Legge sulla protezione dei dati personali e\/o il Regolamento generale sulla protezione dei dati (GDPR), nonch\u00e9 con questa Politica sulla privacy.<br>La persona responsabile della protezione dei dati personali per conto della societ\u00e0 Banja Komerc Bekament d.o.o. Banja \u00e8 Bojan Maljkovi\u0107, come stabilito dall'atto interno: Decisione di nomina di un responsabile della protezione dei dati personali.<br>Email di contatto della persona responsabile: <a>info@bekament.com<\/a>.<\/p>\n\n\n\n<p><strong>DATI CHE TRATTIAMO<\/strong><br>Trattiamo (o potenzialmente trattiamo) diverse categorie di dati personali per fornire servizi nel modo pi\u00f9 adeguato possibile.<\/p>\n\n\n\n<p><strong>Dati di identificazione elettronica:<\/strong><\/p>\n\n\n\n<ul class=\"wp-block-list\">\n<li>Indirizzo IP<\/li>\n\n\n\n<li>Il browser che utilizzi<\/li>\n\n\n\n<li>Il sistema operativo che utilizzi<\/li>\n\n\n\n<li>Identificatori elettronici unici<\/li>\n<\/ul>\n\n\n\n<p><strong>Dati di identificazione:<\/strong><\/p>\n\n\n\n<ul class=\"wp-block-list\">\n<li>Nome e cognome<\/li>\n\n\n\n<li>Indirizzo email<\/li>\n\n\n\n<li>Luogo di residenza: Citt\u00e0, via e numero civico<\/li>\n\n\n\n<li>Numero di telefono<\/li>\n\n\n\n<li>Altri dati necessari per fornire il servizio richiesto scelto dall'utente nell'ambito dei progetti in corso<\/li>\n\n\n\n<li>Altri dati che l'utente fornisce volontariamente tramite il modulo di contatto o il modulo disponibile per i relativi progetti.<\/li>\n<\/ul>\n\n\n\n<p>Oltre ai dati necessari per la realizzazione di un determinato servizio o progetto, gli utenti forniscono volontariamente i propri dati personali.<\/p>\n\n\n\n<p><strong>COOKIE<\/strong><br>Ogni browser attraverso il quale gli utenti accedono al sito <a href=\"http:\/\/www.bekament.com\">www.bekament.com<\/a> ricever\u00e0 un cookie da noi. L'uso dei cookie \u00e8 necessario affinch\u00e9 <a href=\"http:\/\/www.bekament.com\">www.bekament.com<\/a> possa fornire la migliore esperienza possibile a tutti coloro che visitano il sito.<br>L'uso dei cookie ci consente di migliorare la navigazione sul sito, analizzare le attivit\u00e0 di ogni visitatore, promuovere i nostri servizi e fornire contenuti di terzi.<\/p>\n\n\n\n<p><strong>PROTEZIONE DEI DATI RACCOLTI<\/strong><br><a href=\"http:\/\/www.bekament.com\">www.bekament.com<\/a> non raccoglie n\u00e9 conserva i tuoi dati personali in eccesso, ma solo nella misura necessaria per il corretto funzionamento. Vengono utilizzate misure tecniche e organizzative in conformit\u00e0 con le buone pratiche commerciali per garantire adeguate misure tecniche e organizzative per proteggere i tuoi dati personali da perdita accidentale o illegale, alterazione, furto, accesso non autorizzato, divulgazione e\/o utilizzo non autorizzato, nonch\u00e9 da altre forme illegali di trattamento.<\/p>\n\n\n\n<p><strong>TITOLARE E RESPONSABILE DEL TRATTAMENTO<\/strong><br>Secondo la Legge sulla protezione dei dati personali:<br>Il titolare del trattamento \u00e8 una persona fisica o giuridica, o un'autorit\u00e0 pubblica, che determina da sola o insieme ad altri le finalit\u00e0 e i mezzi del trattamento. La legge che determina le finalit\u00e0 e i mezzi del trattamento pu\u00f2 anche designare il titolare del trattamento o prescrivere le condizioni per la sua designazione.<br>Il titolare del trattamento \u00e8 obbligato a prendere misure tecniche, organizzative e personali adeguate per garantire che il trattamento sia conforme a questa legge e deve essere in grado di dimostrarlo, tenendo conto della natura, della portata, delle circostanze e delle finalit\u00e0 del trattamento, nonch\u00e9 della probabilit\u00e0 e del livello di rischio per i diritti e le libert\u00e0 delle persone fisiche.<br>Il responsabile del trattamento \u00e8 una persona fisica o giuridica o un'autorit\u00e0 pubblica che tratta i dati personali per conto del titolare.<br>Se il trattamento viene effettuato per conto del titolare, quest'ultimo pu\u00f2 designare come responsabile del trattamento solo una persona o un'autorit\u00e0 pubblica che garantisca pienamente l'applicazione di adeguate misure tecniche, organizzative e personali, in modo che il trattamento venga effettuato in conformit\u00e0 con le disposizioni della Legge sulla protezione dei dati personali e che vengano garantiti i diritti delle persone interessate.<\/p>\n\n\n\n<p><strong>I TUOI DIRITTI<\/strong><\/p>\n\n\n\n<ol class=\"wp-block-list\">\n<li>Il diritto di ritirare il tuo consenso al trattamento dei tuoi dati personali condivisi sul sito pravilaw.rs<\/li>\n\n\n\n<li>Il diritto di accedere ai tuoi dati che sono detenuti e trattati da <a href=\"http:\/\/www.bekament.com\">www.bekament.com<\/a><\/li>\n\n\n\n<li>Il diritto di richiedere la correzione, la modifica o l'aggiornamento dei dati che erano inizialmente inesatti o non pi\u00f9 validi<\/li>\n\n\n\n<li>Il diritto di richiedere che i tuoi dati detenuti e trattati da <a href=\"http:\/\/www.bekament.com\">www.bekament.com<\/a> siano cancellati<\/li>\n\n\n\n<li>Il diritto di opporsi o presentare un reclamo su come conserviamo o trattiamo i tuoi dati<\/li>\n\n\n\n<li>Il diritto di limitare l'uso dei dati detenuti e trattati da <a href=\"http:\/\/www.bekament.com\">www.bekament.com<\/a><\/li>\n\n\n\n<li>Il diritto di far trasferire\/condividere i tuoi dati detenuti e trattati da <a href=\"http:\/\/www.bekament.com\">www.bekament.com<\/a> su un'altra localit\u00e0<\/li>\n\n\n\n<li>Il diritto di presentare un reclamo a qualsiasi autorit\u00e0 competente per la protezione dei dati personali riguardante il trattamento o la conservazione dei tuoi dati sul sito <a href=\"http:\/\/www.bekament.com\">www.bekament.com<\/a>.<\/li>\n<\/ol>\n\n\n\n<p>Per ulteriori informazioni, contattaci tramite il nostro modulo di contatto, e risponderemo alla tua richiesta il prima possibile.<br>Email di contatto della persona responsabile: <a>info@bekament.com<\/a>.<\/p>\n\n\n\n<p><strong>PER QUANTO TEMPO I TUOI DATI VENGONO CONSERVATI<\/strong><br>I dati raccolti sul sito <a href=\"http:\/\/www.bekament.com\">www.bekament.com<\/a> vengono conservati per il tempo necessario per adempiere al servizio richiesto o per la realizzazione del progetto, e anche oltre. Dopo che il servizio \u00e8 stato completato o il progetto \u00e8 stato realizzato, i dati vengono conservati a fini statistici e di registrazione, al fine di migliorare il funzionamento del sito e dei servizi. Tuttavia, i tuoi dati non verranno visualizzati pubblicamente n\u00e9 condivisi con nessuno, tranne con i pi\u00f9 stretti collaboratori del sito e\/o associazioni senza le quali la realizzazione dei servizi e\/o dei progetti non sarebbe possibile.<br>Se desideri che i tuoi dati vengano cancellati dal database di <a href=\"http:\/\/www.bekament.com\">www.bekament.com<\/a>, inviaci una richiesta via email in cui richiedi la cancellazione di tutti o alcuni dei dati condivisi.<\/p>\n\n\n\n<p><strong>CON CHI CONDIVIDIAMO I TUOI DATI<\/strong><br>I tuoi dati possono essere condivisi con terze parti. La ragione per la condivisione dei dati \u00e8 migliorare i servizi offerti su <a href=\"http:\/\/www.bekament.com\">www.bekament.com<\/a>, nonch\u00e9 a fini di analisi, marketing o altri scopi che servono a migliorare il funzionamento del sito.<\/p>\n\n\n\n<p>Le terze parti possono includere:<br>Collaboratori esperti, partner del sito, consulenti e altre persone che lavorano per migliorare il funzionamento del sito, ottimizzare i servizi forniti attraverso il sito e mantenere e supportare il funzionamento tecnico del sito.<\/p>\n\n\n\n<p><strong>DISPOSIZIONI FINALI<\/strong><br>Questa politica sulla privacy pu\u00f2 essere modificata di volta in volta.<br>Le modifiche sostanziali riguardano i tuoi diritti, obblighi e lo stato relativo al trattamento e alla protezione dei tuoi dati personali. Le modifiche sostanziali possono includere l'introduzione di nuovi servizi, l'uso di nuove tecnologie e il trattamento dei tuoi dati per nuovi scopi. Se vengono apportate modifiche sostanziali, ti informeremo e ti daremo la possibilit\u00e0 di conoscere i cambiamenti prima che entrino in vigore.<br>Le modifiche minori non riguardano i tuoi diritti o obblighi in merito al trattamento e alla protezione dei tuoi dati. Queste modifiche possono riguardare la struttura di questa politica, modifiche organizzative e adeguamenti grammaticali per rendere la politica pi\u00f9 chiara.<\/p>\n\n\n\n<p>Questa politica sulla privacy entra in vigore il 10 settembre 2024.<\/p>\n","protected":false},"excerpt":{"rendered":"<p>POLITICA SULLA PRIVACY \u2013 INTRODUZIONEUtilizzando i servizi di www.bekament.com, \u00e8 possibile fornire diversi dati, compresi quelli che possono essere considerati dati personali. Quando i tuoi dati personali vengono trattati, acquisisci i diritti garantiti dalla Legge sulla protezione dei dati personali (se sei un residente della Repubblica di Serbia) e dal Regolamento generale sulla protezione dei [&hellip;]<\/p>\n","protected":false},"author":1,"featured_media":0,"parent":0,"menu_order":0,"comment_status":"closed","ping_status":"closed","template":"","meta":{"_acf_changed":false,"inline_featured_image":false,"footnotes":""},"class_list":["post-20056","page","type-page","status-publish","hentry"],"acf":[],"yoast_head":"<!-- This site is optimized with the Yoast SEO plugin v27.1.1 - https:\/\/yoast.com\/product\/yoast-seo-wordpress\/ -->\n<title>Politica sulla privacy - Bekament<\/title>\n<meta name=\"robots\" content=\"index, follow, max-snippet:-1, max-image-preview:large, max-video-preview:-1\" \/>\n<link rel=\"canonical\" href=\"https:\/\/www.bekament.com\/it\/politica-sulla-privacy\/\" \/>\n<meta property=\"og:locale\" content=\"it_IT\" \/>\n<meta property=\"og:type\" content=\"article\" \/>\n<meta property=\"og:title\" content=\"Politica sulla privacy - Bekament\" \/>\n<meta property=\"og:description\" content=\"POLITICA SULLA PRIVACY \u2013 INTRODUZIONEUtilizzando i servizi di www.bekament.com, \u00e8 possibile fornire diversi dati, compresi quelli che possono essere considerati dati personali. Quando i tuoi dati personali vengono trattati, acquisisci i diritti garantiti dalla Legge sulla protezione dei dati personali (se sei un residente della Repubblica di Serbia) e dal Regolamento generale sulla protezione dei [&hellip;]\" \/>\n<meta property=\"og:url\" content=\"https:\/\/www.bekament.com\/it\/politica-sulla-privacy\/\" \/>\n<meta property=\"og:site_name\" content=\"Bekament\" \/>\n<meta property=\"article:publisher\" content=\"https:\/\/www.facebook.com\/Bekament\/\" \/>\n<meta property=\"article:modified_time\" content=\"2024-10-20T00:52:08+00:00\" \/>\n<meta name=\"twitter:card\" content=\"summary_large_image\" \/>\n<meta name=\"twitter:label1\" content=\"Tempo di lettura stimato\" \/>\n\t<meta name=\"twitter:data1\" content=\"6 minuti\" \/>\n<script type=\"application\/ld+json\" class=\"yoast-schema-graph\">{\"@context\":\"https:\/\/schema.org\",\"@graph\":[{\"@type\":\"WebPage\",\"@id\":\"https:\/\/www.bekament.com\/it\/politica-sulla-privacy\/\",\"url\":\"https:\/\/www.bekament.com\/it\/politica-sulla-privacy\/\",\"name\":\"Politica sulla privacy - Bekament\",\"isPartOf\":{\"@id\":\"https:\/\/www.bekament.com\/it\/#website\"},\"datePublished\":\"2024-09-10T13:09:42+00:00\",\"dateModified\":\"2024-10-20T00:52:08+00:00\",\"breadcrumb\":{\"@id\":\"https:\/\/www.bekament.com\/it\/politica-sulla-privacy\/#breadcrumb\"},\"inLanguage\":\"it-IT\",\"potentialAction\":[{\"@type\":\"ReadAction\",\"target\":[\"https:\/\/www.bekament.com\/it\/politica-sulla-privacy\/\"]}]},{\"@type\":\"BreadcrumbList\",\"@id\":\"https:\/\/www.bekament.com\/it\/politica-sulla-privacy\/#breadcrumb\",\"itemListElement\":[{\"@type\":\"ListItem\",\"position\":1,\"name\":\"Home\",\"item\":\"https:\/\/www.bekament.com\/it\/\"},{\"@type\":\"ListItem\",\"position\":2,\"name\":\"Politica sulla privacy\"}]},{\"@type\":\"WebSite\",\"@id\":\"https:\/\/www.bekament.com\/it\/#website\",\"url\":\"https:\/\/www.bekament.com\/it\/\",\"name\":\"Bekament\",\"description\":\"\",\"publisher\":{\"@id\":\"https:\/\/www.bekament.com\/it\/#organization\"},\"potentialAction\":[{\"@type\":\"SearchAction\",\"target\":{\"@type\":\"EntryPoint\",\"urlTemplate\":\"https:\/\/www.bekament.com\/it\/?s={search_term_string}\"},\"query-input\":{\"@type\":\"PropertyValueSpecification\",\"valueRequired\":true,\"valueName\":\"search_term_string\"}}],\"inLanguage\":\"it-IT\"},{\"@type\":\"Organization\",\"@id\":\"https:\/\/www.bekament.com\/it\/#organization\",\"name\":\"Bekament\",\"url\":\"https:\/\/www.bekament.com\/it\/\",\"logo\":{\"@type\":\"ImageObject\",\"inLanguage\":\"it-IT\",\"@id\":\"https:\/\/www.bekament.com\/it\/#\/schema\/logo\/image\/\",\"url\":\"https:\/\/www.bekament.com\/wp-content\/uploads\/2024\/06\/bekament-logo-full.png\",\"contentUrl\":\"https:\/\/www.bekament.com\/wp-content\/uploads\/2024\/06\/bekament-logo-full.png\",\"width\":321,\"height\":53,\"caption\":\"Bekament\"},\"image\":{\"@id\":\"https:\/\/www.bekament.com\/it\/#\/schema\/logo\/image\/\"},\"sameAs\":[\"https:\/\/www.facebook.com\/Bekament\/\",\"https:\/\/www.linkedin.com\/company\/bekament\/?originalSubdomain=rs\",\"https:\/\/www.instagram.com\/bekamentsrb\",\"https:\/\/www.youtube.com\/channel\/UC-pSPBUIrN_FO3OwAN200Jw\"]}]}<\/script>\n<!-- \/ Yoast SEO plugin. -->","yoast_head_json":{"title":"Politica sulla privacy - Bekament","robots":{"index":"index","follow":"follow","max-snippet":"max-snippet:-1","max-image-preview":"max-image-preview:large","max-video-preview":"max-video-preview:-1"},"canonical":"https:\/\/www.bekament.com\/it\/politica-sulla-privacy\/","og_locale":"it_IT","og_type":"article","og_title":"Politica sulla privacy - Bekament","og_description":"POLITICA SULLA PRIVACY \u2013 INTRODUZIONEUtilizzando i servizi di www.bekament.com, \u00e8 possibile fornire diversi dati, compresi quelli che possono essere considerati dati personali. Quando i tuoi dati personali vengono trattati, acquisisci i diritti garantiti dalla Legge sulla protezione dei dati personali (se sei un residente della Repubblica di Serbia) e dal Regolamento generale sulla protezione dei [&hellip;]","og_url":"https:\/\/www.bekament.com\/it\/politica-sulla-privacy\/","og_site_name":"Bekament","article_publisher":"https:\/\/www.facebook.com\/Bekament\/","article_modified_time":"2024-10-20T00:52:08+00:00","twitter_card":"summary_large_image","twitter_misc":{"Tempo di lettura stimato":"6 minuti"},"schema":{"@context":"https:\/\/schema.org","@graph":[{"@type":"WebPage","@id":"https:\/\/www.bekament.com\/it\/politica-sulla-privacy\/","url":"https:\/\/www.bekament.com\/it\/politica-sulla-privacy\/","name":"Politica sulla privacy - Bekament","isPartOf":{"@id":"https:\/\/www.bekament.com\/it\/#website"},"datePublished":"2024-09-10T13:09:42+00:00","dateModified":"2024-10-20T00:52:08+00:00","breadcrumb":{"@id":"https:\/\/www.bekament.com\/it\/politica-sulla-privacy\/#breadcrumb"},"inLanguage":"it-IT","potentialAction":[{"@type":"ReadAction","target":["https:\/\/www.bekament.com\/it\/politica-sulla-privacy\/"]}]},{"@type":"BreadcrumbList","@id":"https:\/\/www.bekament.com\/it\/politica-sulla-privacy\/#breadcrumb","itemListElement":[{"@type":"ListItem","position":1,"name":"Home","item":"https:\/\/www.bekament.com\/it\/"},{"@type":"ListItem","position":2,"name":"Politica sulla privacy"}]},{"@type":"WebSite","@id":"https:\/\/www.bekament.com\/it\/#website","url":"https:\/\/www.bekament.com\/it\/","name":"Bekament","description":"","publisher":{"@id":"https:\/\/www.bekament.com\/it\/#organization"},"potentialAction":[{"@type":"SearchAction","target":{"@type":"EntryPoint","urlTemplate":"https:\/\/www.bekament.com\/it\/?s={search_term_string}"},"query-input":{"@type":"PropertyValueSpecification","valueRequired":true,"valueName":"search_term_string"}}],"inLanguage":"it-IT"},{"@type":"Organization","@id":"https:\/\/www.bekament.com\/it\/#organization","name":"Bekament","url":"https:\/\/www.bekament.com\/it\/","logo":{"@type":"ImageObject","inLanguage":"it-IT","@id":"https:\/\/www.bekament.com\/it\/#\/schema\/logo\/image\/","url":"https:\/\/www.bekament.com\/wp-content\/uploads\/2024\/06\/bekament-logo-full.png","contentUrl":"https:\/\/www.bekament.com\/wp-content\/uploads\/2024\/06\/bekament-logo-full.png","width":321,"height":53,"caption":"Bekament"},"image":{"@id":"https:\/\/www.bekament.com\/it\/#\/schema\/logo\/image\/"},"sameAs":["https:\/\/www.facebook.com\/Bekament\/","https:\/\/www.linkedin.com\/company\/bekament\/?originalSubdomain=rs","https:\/\/www.instagram.com\/bekamentsrb","https:\/\/www.youtube.com\/channel\/UC-pSPBUIrN_FO3OwAN200Jw"]}]}},"_links":{"self":[{"href":"https:\/\/www.bekament.com\/it\/wp-json\/wp\/v2\/pages\/20056","targetHints":{"allow":["GET"]}}],"collection":[{"href":"https:\/\/www.bekament.com\/it\/wp-json\/wp\/v2\/pages"}],"about":[{"href":"https:\/\/www.bekament.com\/it\/wp-json\/wp\/v2\/types\/page"}],"author":[{"embeddable":true,"href":"https:\/\/www.bekament.com\/it\/wp-json\/wp\/v2\/users\/1"}],"replies":[{"embeddable":true,"href":"https:\/\/www.bekament.com\/it\/wp-json\/wp\/v2\/comments?post=20056"}],"version-history":[{"count":0,"href":"https:\/\/www.bekament.com\/it\/wp-json\/wp\/v2\/pages\/20056\/revisions"}],"wp:attachment":[{"href":"https:\/\/www.bekament.com\/it\/wp-json\/wp\/v2\/media?parent=20056"}],"curies":[{"name":"wp","href":"https:\/\/api.w.org\/{rel}","templated":true}]}}